{"id":4798,"date":"2025-05-19T15:27:08","date_gmt":"2025-05-19T13:27:08","guid":{"rendered":"https:\/\/salonshabitat-deco.com\/?page_id=4798"},"modified":"2026-04-10T16:35:13","modified_gmt":"2026-04-10T14:35:13","slug":"infos-pratiques","status":"publish","type":"page","link":"https:\/\/salonshabitat-deco.com\/index.php\/infos-pratiques\/","title":{"rendered":"Informations pratiques"},"content":{"rendered":"\n<!-- HERO INFOS PRATIQUES -->\n<section class=\"hero\">\n  <h1>Infos pratiques<\/h1>\n<\/section>\n\n<!-- SECTION INFOS PRATIQUES -->\n<section class=\"infos\">\n  <div class=\"info-block\">\n    <h2>Entr\u00e9e &#038; Parking<\/h2>\n    <p><strong>Entr\u00e9e et parking gratuits<\/strong><\/p>\n  <\/div>\n\n  <div class=\"info-block\">\n    <h2>Dates<\/h2>\n    <p>Du <strong>vendredi 16<\/strong> au <strong>dimanche 18 octobre 2026<\/strong><\/p>\n  <\/div>\n \n\n  <div class=\"info-block\">\n    <h2>Horaires<\/h2>\n    <ul>\n      <li>Vendredi et Samedi: 10h \u00e0 19h<\/li>\n      <li>Dimanche: 10h et 18h<\/li>\n    <\/ul>\n  <\/div>\n\n  <div class=\"info-block\">\n    <h2>Lieu<\/h2>\n    <p>\n      Parc Expo de Tours<br>\n      Rue D\u00e9sir\u00e9 Lecomte<br>\n      CS 84311<br>\n      37043 TOURS CEDEX 1\n    <\/p>\n  <\/div>\n\n  <div class=\"info-block\">\n    <h2>Acc\u00e8s Parking Gratuit<\/h2>\n    <p>\n      Avenue Jacques Duclos<br>\n      Avenue Camille Chautemps\n    <\/p>\n  <\/div>\n\n  <div class=\"info-block\">\n    <h2>Acc\u00e8s par l&rsquo;autoroute<\/h2>\n    <p>\n      <strong>Depuis Paris ou Le Mans<\/strong> : Sortie 22 \u2013 Saint-Avertin<br>\n      Direction Grand Hall \u2013 Parc des Expositions\n    <\/p>\n    <p>\n      <strong>Depuis Poitiers\/Bordeaux, Angers\/Nantes, Vierzon\/Clermont-Ferrand<\/strong> :<br>\n      Sortie 21 \u2013 Tours Centre<br>\n      Direction Grand Hall \u2013 Parc des Expositions\n    <\/p>\n  <\/div>\n\n  <div class=\"info-block\">\n    <h2>Acc\u00e8s par le train<\/h2>\n    <ul>\n      <li>Arr\u00eat en Gare de Tours<\/li>\n      <li>Arr\u00eat en Gare de Saint-Pierre-des-Corps<\/li>\n    <\/ul>\n  <\/div>\n\n  <div class=\"info-block\">\n    <h2>Acc\u00e8s par bus<\/h2>\n    <p>\n      Depuis la Gare de Tours :<br>\n      Arr\u00eat Parc Expo (Ligne 83)<br>\n      <a href=\"https:\/\/www.filbleu.fr\/horaires-et-trajets\/toutes-les-lignes\/ligne-83\" target=\"_blank\">Voir les horaires de la ligne 83<\/a>\n    <\/p>\n  <\/div>\n<\/section>\n\n<!-- IMAGE DU PLAN -->\n<section class=\"plan\">\n  <img decoding=\"async\" src=\"http:\/\/salonshabitat-deco.com\/wp-content\/uploads\/2026\/04\/SHMTOURS26-Plan-Global-1.jpg\" alt=\"Plan du salon\" \/>\n<\/section>\n\n<!-- STYLES -->\n<style>\n.plan {\n  max-width: 1000px;\n  margin: 40px auto;\n  padding: 0 20px;\n  text-align: center;\n}\n\n.plan img {\n  max-width: 100%;\n  height: auto;\n  border-radius: 10px;\n  box-shadow: 0 4px 10px rgba(0, 0, 0, 0.1);\n}\n\n.hero {\n  background-image: url('https:\/\/salonshabitat-deco.com\/wp-content\/uploads\/2025\/04\/SH25-TOURS-Photo-5-1.jpg');\n  background-size: cover;\n  background-position: center;\n  height: 400px;\n  display: flex;\n  align-items: center;\n  justify-content: center;\n  width: 100%;\n  max-width: 100%;\n  margin: 0;\n  padding: 0;\n  box-sizing: border-box;\n}\n\n.hero h1 {\n  font-size: 64px;\n  color: white;\n  font-weight: bold;\n  text-transform: uppercase;\n  text-shadow: 2px 2px 5px rgba(0, 0, 0, 0.6);\n  margin: 0;\n}\n\n.infos {\n  max-width: 1000px;\n  margin: 40px auto;\n  padding: 0 20px;\n  display: flex;\n  flex-direction: column;\n  gap: 30px;\n}\n\n.info-block {\n  background-color: #ecf0f1;\n  padding: 30px;\n  border-radius: 10px;\n  box-shadow: 0 4px 10px rgba(0, 0, 0, 0.05);\n}\n\n.info-block h2 {\n  color: #00a3a6;\n  font-size: 22px;\n  margin-bottom: 10px;\n}\n\n.info-block p, .info-block li {\n  font-size: 16px;\n  line-height: 1.6;\n  margin: 5px 0;\n}\n\n.info-block ul {\n  padding-left: 20px;\n  margin: 0;\n}\n\n.info-block a {\n  color: #00a3a6;\n  text-decoration: underline;\n}\n\n@media screen and (max-width: 768px) {\n  .hero h1 {\n    font-size: 40px;\n    text-align: center;\n    padding: 0 20px;\n  }\n}\n<\/style>\n","protected":false},"excerpt":{"rendered":"<p>Infos pratiques Entr\u00e9e &#038; Parking Entr\u00e9e et parking gratuits Dates Du vendredi 16 au dimanche 18 octobre 2026 Horaires Vendredi et Samedi: 10h \u00e0 19h Dimanche: 10h et 18h Lieu Parc Expo de Tours Rue D\u00e9sir\u00e9 Lecomte CS 84311 37043 TOURS CEDEX 1 Acc\u00e8s Parking Gratuit Avenue Jacques Duclos Avenue Camille Chautemps Acc\u00e8s par l&rsquo;autoroute [&hellip;]<\/p>\n","protected":false},"author":1,"featured_media":0,"parent":0,"menu_order":0,"comment_status":"closed","ping_status":"closed","template":"page-no-title","meta":{"postBodyMargin":[],"postBodyPadding":[],"postBodyBackground":{"backgroundType":"classic","gradient":""},"_themeisle_gutenberg_block_has_review":false,"footnotes":""},"class_list":["post-4798","page","type-page","status-publish","hentry"],"yoast_head":"<!-- This site is optimized with the Yoast SEO plugin v25.3.1 - https:\/\/yoast.com\/wordpress\/plugins\/seo\/ -->\n<title>Informations pratiques - Salon de l&#039;Habitat de Tours<\/title>\n<meta name=\"robots\" content=\"index, follow, max-snippet:-1, max-image-preview:large, max-video-preview:-1\" \/>\n<link rel=\"canonical\" href=\"https:\/\/salonshabitat-deco.com\/index.php\/infos-pratiques\/\" \/>\n<meta property=\"og:locale\" content=\"fr_FR\" \/>\n<meta property=\"og:type\" content=\"article\" \/>\n<meta property=\"og:title\" content=\"Informations pratiques - Salon de l&#039;Habitat de Tours\" \/>\n<meta property=\"og:description\" content=\"Infos pratiques Entr\u00e9e &#038; Parking Entr\u00e9e et parking gratuits Dates Du vendredi 16 au dimanche 18 octobre 2026 Horaires Vendredi et Samedi: 10h \u00e0 19h Dimanche: 10h et 18h Lieu Parc Expo de Tours Rue D\u00e9sir\u00e9 Lecomte CS 84311 37043 TOURS CEDEX 1 Acc\u00e8s Parking Gratuit Avenue Jacques Duclos Avenue Camille Chautemps Acc\u00e8s par l&rsquo;autoroute [&hellip;]\" \/>\n<meta property=\"og:url\" content=\"https:\/\/salonshabitat-deco.com\/index.php\/infos-pratiques\/\" \/>\n<meta property=\"og:site_name\" content=\"Salon de l&#039;Habitat de Tours\" \/>\n<meta property=\"article:modified_time\" content=\"2026-04-10T14:35:13+00:00\" \/>\n<meta property=\"og:image\" content=\"http:\/\/salonshabitat-deco.com\/wp-content\/uploads\/2026\/04\/SHMTOURS26-Plan-Global-1.jpg\" \/>\n<meta name=\"twitter:card\" content=\"summary_large_image\" \/>\n<meta name=\"twitter:label1\" content=\"Dur\u00e9e de lecture estim\u00e9e\" \/>\n\t<meta name=\"twitter:data1\" content=\"1 minute\" \/>\n<script type=\"application\/ld+json\" class=\"yoast-schema-graph\">{\"@context\":\"https:\/\/schema.org\",\"@graph\":[{\"@type\":\"WebPage\",\"@id\":\"https:\/\/salonshabitat-deco.com\/index.php\/infos-pratiques\/\",\"url\":\"https:\/\/salonshabitat-deco.com\/index.php\/infos-pratiques\/\",\"name\":\"Informations pratiques - Salon de l&#039;Habitat de Tours\",\"isPartOf\":{\"@id\":\"https:\/\/salonshabitat-deco.com\/#website\"},\"primaryImageOfPage\":{\"@id\":\"https:\/\/salonshabitat-deco.com\/index.php\/infos-pratiques\/#primaryimage\"},\"image\":{\"@id\":\"https:\/\/salonshabitat-deco.com\/index.php\/infos-pratiques\/#primaryimage\"},\"thumbnailUrl\":\"http:\/\/salonshabitat-deco.com\/wp-content\/uploads\/2026\/04\/SHMTOURS26-Plan-Global-1.jpg\",\"datePublished\":\"2025-05-19T13:27:08+00:00\",\"dateModified\":\"2026-04-10T14:35:13+00:00\",\"breadcrumb\":{\"@id\":\"https:\/\/salonshabitat-deco.com\/index.php\/infos-pratiques\/#breadcrumb\"},\"inLanguage\":\"fr-FR\",\"potentialAction\":[{\"@type\":\"ReadAction\",\"target\":[\"https:\/\/salonshabitat-deco.com\/index.php\/infos-pratiques\/\"]}]},{\"@type\":\"ImageObject\",\"inLanguage\":\"fr-FR\",\"@id\":\"https:\/\/salonshabitat-deco.com\/index.php\/infos-pratiques\/#primaryimage\",\"url\":\"http:\/\/salonshabitat-deco.com\/wp-content\/uploads\/2026\/04\/SHMTOURS26-Plan-Global-1.jpg\",\"contentUrl\":\"http:\/\/salonshabitat-deco.com\/wp-content\/uploads\/2026\/04\/SHMTOURS26-Plan-Global-1.jpg\"},{\"@type\":\"BreadcrumbList\",\"@id\":\"https:\/\/salonshabitat-deco.com\/index.php\/infos-pratiques\/#breadcrumb\",\"itemListElement\":[{\"@type\":\"ListItem\",\"position\":1,\"name\":\"Accueil\",\"item\":\"https:\/\/salonshabitat-deco.com\/\"},{\"@type\":\"ListItem\",\"position\":2,\"name\":\"Informations pratiques\"}]},{\"@type\":\"WebSite\",\"@id\":\"https:\/\/salonshabitat-deco.com\/#website\",\"url\":\"https:\/\/salonshabitat-deco.com\/\",\"name\":\"Salon de l&#039;Habitat de Tours\",\"description\":\"\",\"publisher\":{\"@id\":\"https:\/\/salonshabitat-deco.com\/#organization\"},\"potentialAction\":[{\"@type\":\"SearchAction\",\"target\":{\"@type\":\"EntryPoint\",\"urlTemplate\":\"https:\/\/salonshabitat-deco.com\/?s={search_term_string}\"},\"query-input\":{\"@type\":\"PropertyValueSpecification\",\"valueRequired\":true,\"valueName\":\"search_term_string\"}}],\"inLanguage\":\"fr-FR\"},{\"@type\":\"Organization\",\"@id\":\"https:\/\/salonshabitat-deco.com\/#organization\",\"name\":\"Salon de l&#039;Habitat de Tours\",\"url\":\"https:\/\/salonshabitat-deco.com\/\",\"logo\":{\"@type\":\"ImageObject\",\"inLanguage\":\"fr-FR\",\"@id\":\"https:\/\/salonshabitat-deco.com\/#\/schema\/logo\/image\/\",\"url\":\"https:\/\/salonshabitat-deco.com\/wp-content\/uploads\/2025\/06\/SH25-TOURS-Bloc-marque-blanc.png\",\"contentUrl\":\"https:\/\/salonshabitat-deco.com\/wp-content\/uploads\/2025\/06\/SH25-TOURS-Bloc-marque-blanc.png\",\"width\":1091,\"height\":500,\"caption\":\"Salon de l&#039;Habitat de Tours\"},\"image\":{\"@id\":\"https:\/\/salonshabitat-deco.com\/#\/schema\/logo\/image\/\"}}]}<\/script>\n<!-- \/ Yoast SEO plugin. -->","yoast_head_json":{"title":"Informations pratiques - Salon de l&#039;Habitat de Tours","robots":{"index":"index","follow":"follow","max-snippet":"max-snippet:-1","max-image-preview":"max-image-preview:large","max-video-preview":"max-video-preview:-1"},"canonical":"https:\/\/salonshabitat-deco.com\/index.php\/infos-pratiques\/","og_locale":"fr_FR","og_type":"article","og_title":"Informations pratiques - Salon de l&#039;Habitat de Tours","og_description":"Infos pratiques Entr\u00e9e &#038; Parking Entr\u00e9e et parking gratuits Dates Du vendredi 16 au dimanche 18 octobre 2026 Horaires Vendredi et Samedi: 10h \u00e0 19h Dimanche: 10h et 18h Lieu Parc Expo de Tours Rue D\u00e9sir\u00e9 Lecomte CS 84311 37043 TOURS CEDEX 1 Acc\u00e8s Parking Gratuit Avenue Jacques Duclos Avenue Camille Chautemps Acc\u00e8s par l&rsquo;autoroute [&hellip;]","og_url":"https:\/\/salonshabitat-deco.com\/index.php\/infos-pratiques\/","og_site_name":"Salon de l&#039;Habitat de Tours","article_modified_time":"2026-04-10T14:35:13+00:00","og_image":[{"url":"http:\/\/salonshabitat-deco.com\/wp-content\/uploads\/2026\/04\/SHMTOURS26-Plan-Global-1.jpg","type":"","width":"","height":""}],"twitter_card":"summary_large_image","twitter_misc":{"Dur\u00e9e de lecture estim\u00e9e":"1 minute"},"schema":{"@context":"https:\/\/schema.org","@graph":[{"@type":"WebPage","@id":"https:\/\/salonshabitat-deco.com\/index.php\/infos-pratiques\/","url":"https:\/\/salonshabitat-deco.com\/index.php\/infos-pratiques\/","name":"Informations pratiques - Salon de l&#039;Habitat de Tours","isPartOf":{"@id":"https:\/\/salonshabitat-deco.com\/#website"},"primaryImageOfPage":{"@id":"https:\/\/salonshabitat-deco.com\/index.php\/infos-pratiques\/#primaryimage"},"image":{"@id":"https:\/\/salonshabitat-deco.com\/index.php\/infos-pratiques\/#primaryimage"},"thumbnailUrl":"http:\/\/salonshabitat-deco.com\/wp-content\/uploads\/2026\/04\/SHMTOURS26-Plan-Global-1.jpg","datePublished":"2025-05-19T13:27:08+00:00","dateModified":"2026-04-10T14:35:13+00:00","breadcrumb":{"@id":"https:\/\/salonshabitat-deco.com\/index.php\/infos-pratiques\/#breadcrumb"},"inLanguage":"fr-FR","potentialAction":[{"@type":"ReadAction","target":["https:\/\/salonshabitat-deco.com\/index.php\/infos-pratiques\/"]}]},{"@type":"ImageObject","inLanguage":"fr-FR","@id":"https:\/\/salonshabitat-deco.com\/index.php\/infos-pratiques\/#primaryimage","url":"http:\/\/salonshabitat-deco.com\/wp-content\/uploads\/2026\/04\/SHMTOURS26-Plan-Global-1.jpg","contentUrl":"http:\/\/salonshabitat-deco.com\/wp-content\/uploads\/2026\/04\/SHMTOURS26-Plan-Global-1.jpg"},{"@type":"BreadcrumbList","@id":"https:\/\/salonshabitat-deco.com\/index.php\/infos-pratiques\/#breadcrumb","itemListElement":[{"@type":"ListItem","position":1,"name":"Accueil","item":"https:\/\/salonshabitat-deco.com\/"},{"@type":"ListItem","position":2,"name":"Informations pratiques"}]},{"@type":"WebSite","@id":"https:\/\/salonshabitat-deco.com\/#website","url":"https:\/\/salonshabitat-deco.com\/","name":"Salon de l&#039;Habitat de Tours","description":"","publisher":{"@id":"https:\/\/salonshabitat-deco.com\/#organization"},"potentialAction":[{"@type":"SearchAction","target":{"@type":"EntryPoint","urlTemplate":"https:\/\/salonshabitat-deco.com\/?s={search_term_string}"},"query-input":{"@type":"PropertyValueSpecification","valueRequired":true,"valueName":"search_term_string"}}],"inLanguage":"fr-FR"},{"@type":"Organization","@id":"https:\/\/salonshabitat-deco.com\/#organization","name":"Salon de l&#039;Habitat de Tours","url":"https:\/\/salonshabitat-deco.com\/","logo":{"@type":"ImageObject","inLanguage":"fr-FR","@id":"https:\/\/salonshabitat-deco.com\/#\/schema\/logo\/image\/","url":"https:\/\/salonshabitat-deco.com\/wp-content\/uploads\/2025\/06\/SH25-TOURS-Bloc-marque-blanc.png","contentUrl":"https:\/\/salonshabitat-deco.com\/wp-content\/uploads\/2025\/06\/SH25-TOURS-Bloc-marque-blanc.png","width":1091,"height":500,"caption":"Salon de l&#039;Habitat de Tours"},"image":{"@id":"https:\/\/salonshabitat-deco.com\/#\/schema\/logo\/image\/"}}]}},"_links":{"self":[{"href":"https:\/\/salonshabitat-deco.com\/index.php\/wp-json\/wp\/v2\/pages\/4798","targetHints":{"allow":["GET"]}}],"collection":[{"href":"https:\/\/salonshabitat-deco.com\/index.php\/wp-json\/wp\/v2\/pages"}],"about":[{"href":"https:\/\/salonshabitat-deco.com\/index.php\/wp-json\/wp\/v2\/types\/page"}],"author":[{"embeddable":true,"href":"https:\/\/salonshabitat-deco.com\/index.php\/wp-json\/wp\/v2\/users\/1"}],"replies":[{"embeddable":true,"href":"https:\/\/salonshabitat-deco.com\/index.php\/wp-json\/wp\/v2\/comments?post=4798"}],"version-history":[{"count":20,"href":"https:\/\/salonshabitat-deco.com\/index.php\/wp-json\/wp\/v2\/pages\/4798\/revisions"}],"predecessor-version":[{"id":5561,"href":"https:\/\/salonshabitat-deco.com\/index.php\/wp-json\/wp\/v2\/pages\/4798\/revisions\/5561"}],"wp:attachment":[{"href":"https:\/\/salonshabitat-deco.com\/index.php\/wp-json\/wp\/v2\/media?parent=4798"}],"curies":[{"name":"wp","href":"https:\/\/api.w.org\/{rel}","templated":true}]}}