{"id":4867,"date":"2025-05-28T11:05:57","date_gmt":"2025-05-28T09:05:57","guid":{"rendered":"https:\/\/salonshabitat-deco.com\/?page_id=4867"},"modified":"2026-03-23T15:43:22","modified_gmt":"2026-03-23T14:43:22","slug":"exposer","status":"publish","type":"page","link":"https:\/\/salonshabitat-deco.com\/index.php\/exposer\/","title":{"rendered":"Exposer"},"content":{"rendered":"\n<div class=\"wp-block-columns alignfull layout-40-60 ticss-8d86358e is-layout-flex wp-container-core-columns-is-layout-4 wp-block-columns-is-layout-flex\">\n<div class=\"wp-block-column column-bg-image ticss-b4b4dcdd is-layout-flow wp-block-column-is-layout-flow\">\n<div class=\"wp-block-columns is-layout-flex wp-container-core-columns-is-layout-2 wp-block-columns-is-layout-flex\">\n<div class=\"wp-block-column is-layout-flow wp-block-column-is-layout-flow\" style=\"flex-basis:100%\"> \n<div data-block=\"gutenkit\/container\" data-post-id=\"4867\" id=\"block-ebb7f56c-74c4-43b4-b027-2d8cfe9fa6e1\" class=\"wp-block-gutenkit-container alignfull gkit9fa6e1 gutenkit-block\"><div class=\"gkit-block__inner\">\n<div class=\"wp-block-columns is-layout-flex wp-container-core-columns-is-layout-1 wp-block-columns-is-layout-flex\">\n<div class=\"wp-block-column is-layout-flow wp-block-column-is-layout-flow\" style=\"flex-basis:100%\">\n<figure class=\"wp-block-image size-full\"><img loading=\"lazy\" decoding=\"async\" width=\"1024\" height=\"684\" loading=\"lazy\" src=\"https:\/\/salonshabitat-deco.com\/wp-content\/uploads\/2025\/05\/SH25-TOURS-Photo-4-2.jpg\" alt=\"\" class=\"wp-image-4877\" style=\"aspect-ratio:3\/4;object-fit:cover\" srcset=\"https:\/\/salonshabitat-deco.com\/wp-content\/uploads\/2025\/05\/SH25-TOURS-Photo-4-2.jpg 1024w, https:\/\/salonshabitat-deco.com\/wp-content\/uploads\/2025\/05\/SH25-TOURS-Photo-4-2-300x200.jpg 300w, https:\/\/salonshabitat-deco.com\/wp-content\/uploads\/2025\/05\/SH25-TOURS-Photo-4-2-768x513.jpg 768w\" sizes=\"auto, (max-width: 1024px) 100vw, 1024px\" \/><\/figure>\n<\/div>\n<\/div>\n<\/div><\/div>\n <\/div>\n<\/div>\n<\/div>\n\n\n\n<div class=\"wp-block-column has-global-padding is-content-justification-left is-layout-constrained wp-container-core-column-is-layout-6 wp-block-column-is-layout-constrained\" style=\"padding-top:var(--wp--preset--spacing--20);padding-right:var(--wp--preset--spacing--30);padding-left:var(--wp--preset--spacing--20)\">\n<h2 class=\"wp-block-heading has-text-color has-link-color wp-elements-99a3488148bdd0b8af768057fd33e8ea\" style=\"color:#01585f\">Pourquoi exposer&nbsp;?<\/h2>\n\n\n\n<ul style=\"font-size:clamp(14px, 0.875rem + ((1vw - 3.2px) * 0.625), 20px);\" class=\"wp-block-list is-style-checkmark-list\">\n<li style=\"font-size:clamp(14px, 0.875rem + ((1vw - 3.2px) * 0.625), 20px);\">Rencontrez des acheteurs cibl\u00e9s<\/li>\n\n\n\n<li>D\u00e9veloppez votre chiffre d\u2019affaires<\/li>\n\n\n\n<li>Pr\u00e9sentez vos nouveaut\u00e9s et les derni\u00e8res tendances<\/li>\n\n\n\n<li>\u00c9changez, conseillez, captivez\u2026<\/li>\n\n\n\n<li><strong>B\u00e9n\u00e9ficiez du visitorat<\/strong>&nbsp;de l&rsquo;autre salon qui se tient en parall\u00e8le au Parc Expo de Tours : le&nbsp;<strong>Salon du Mariage<\/strong><\/li>\n<\/ul>\n\n\n\n<h3 class=\"wp-block-heading has-text-align-left has-text-color has-link-color wp-elements-7e0317a83ed46767aee736853362dc9e\" style=\"color:#01585f\">Pour exposer : <\/h3>\n\n\n\n<div class=\"wp-block-columns is-layout-flex wp-container-core-columns-is-layout-3 wp-block-columns-is-layout-flex\">\n<div class=\"wp-block-column is-layout-flow wp-block-column-is-layout-flow\">\n<figure class=\"wp-block-image aligncenter size-full is-resized\"><img fetchpriority=\"high\" decoding=\"async\" width=\"512\" height=\"512\" src=\"https:\/\/salonshabitat-deco.com\/wp-content\/uploads\/2025\/06\/ordinateur-personnel.png\" alt=\"\" class=\"wp-image-5183\" style=\"width:110px;height:auto\" srcset=\"https:\/\/salonshabitat-deco.com\/wp-content\/uploads\/2025\/06\/ordinateur-personnel.png 512w, https:\/\/salonshabitat-deco.com\/wp-content\/uploads\/2025\/06\/ordinateur-personnel-300x300.png 300w, https:\/\/salonshabitat-deco.com\/wp-content\/uploads\/2025\/06\/ordinateur-personnel-150x150.png 150w\" sizes=\"(max-width: 512px) 100vw, 512px\" \/><\/figure>\n\n\n\n<div class=\"wp-block-buttons is-content-justification-center is-layout-flex wp-container-core-buttons-is-layout-1 wp-block-buttons-is-layout-flex\">\n<div class=\"wp-block-button has-custom-width wp-block-button__width-75\"><a class=\"wp-block-button__link has-background wp-element-button\" href=\"https:\/\/Puzzle.ungerboeck.net\/prod\/app85.cshtml?aat=656d574f6f7975734e432f3166414e2b5949776e6454784877464e4d4656616c4e4456613744712b7a47733d\" style=\"background-color:#01585f\" target=\"_blank\" rel=\"noreferrer noopener\">Portail exposant<\/a><\/div>\n<\/div>\n<\/div>\n\n\n\n<div class=\"wp-block-column is-layout-flow wp-block-column-is-layout-flow\">\n<figure class=\"wp-block-image aligncenter size-full is-resized\"><img decoding=\"async\" width=\"256\" height=\"256\" src=\"https:\/\/salonshabitat-deco.com\/wp-content\/uploads\/2025\/06\/remarque.png\" alt=\"\" class=\"wp-image-5093\" style=\"width:110px;height:auto\" srcset=\"https:\/\/salonshabitat-deco.com\/wp-content\/uploads\/2025\/06\/remarque.png 256w, https:\/\/salonshabitat-deco.com\/wp-content\/uploads\/2025\/06\/remarque-150x150.png 150w\" sizes=\"(max-width: 256px) 100vw, 256px\" \/><\/figure>\n\n\n\n<div class=\"wp-block-buttons is-content-justification-center is-layout-flex wp-container-core-buttons-is-layout-2 wp-block-buttons-is-layout-flex\">\n<div class=\"wp-block-button has-custom-width wp-block-button__width-75\"><a class=\"wp-block-button__link has-background wp-element-button\" href=\"http:\/\/salonshabitat-deco.com\/wp-content\/uploads\/2026\/03\/SH26-TOURS-Plaquette-Commerciale-PAP_c.pdf\" style=\"background-color:#01585f\" target=\"_blank\" rel=\"noreferrer noopener\">Plaquette commerciale<\/a><\/div>\n<\/div>\n<\/div>\n<\/div>\n\n\n\n<h4 class=\"wp-block-heading\">Contactez-nous pour plus d&rsquo;informations&nbsp;:<\/h4>\n\n\n\n<pre class=\"wp-block-preformatted has-dm-sans-font-family\"><strong>Conseill\u00e8re commerciale<\/strong><br>Emmanuelle GRINDA<br>emmanuelle.grinda@puzzle-centre.fr<br>\u202a02 47 31 70 58<br><\/pre>\n<\/div>\n<\/div>\n\n\n\n<p><\/p>\n","protected":false},"excerpt":{"rendered":"<p>Pourquoi exposer&nbsp;? Pour exposer : Contactez-nous pour plus d&rsquo;informations&nbsp;: Conseill\u00e8re commercialeEmmanuelle GRINDAemmanuelle.grinda@puzzle-centre.fr\u202a02 47 31 70 58<\/p>\n","protected":false},"author":1,"featured_media":0,"parent":0,"menu_order":0,"comment_status":"closed","ping_status":"closed","template":"","meta":{"postBodyMargin":[],"postBodyPadding":[],"postBodyBackground":{"backgroundType":"classic","gradient":""},"_themeisle_gutenberg_block_has_review":false,"footnotes":""},"class_list":["post-4867","page","type-page","status-publish","hentry"],"yoast_head":"<!-- This site is optimized with the Yoast SEO plugin v25.3.1 - https:\/\/yoast.com\/wordpress\/plugins\/seo\/ -->\n<title>Exposer - Salon de l&#039;Habitat de Tours<\/title>\n<meta name=\"robots\" content=\"index, follow, max-snippet:-1, max-image-preview:large, max-video-preview:-1\" \/>\n<link rel=\"canonical\" href=\"https:\/\/salonshabitat-deco.com\/index.php\/exposer\/\" \/>\n<meta property=\"og:locale\" content=\"fr_FR\" \/>\n<meta property=\"og:type\" content=\"article\" \/>\n<meta property=\"og:title\" content=\"Exposer - Salon de l&#039;Habitat de Tours\" \/>\n<meta property=\"og:description\" content=\"Pourquoi exposer&nbsp;? Pour exposer : Contactez-nous pour plus d&rsquo;informations&nbsp;: Conseill\u00e8re commercialeEmmanuelle GRINDAemmanuelle.grinda@puzzle-centre.fr\u202a02 47 31 70 58\" \/>\n<meta property=\"og:url\" content=\"https:\/\/salonshabitat-deco.com\/index.php\/exposer\/\" \/>\n<meta property=\"og:site_name\" content=\"Salon de l&#039;Habitat de Tours\" \/>\n<meta property=\"article:modified_time\" content=\"2026-03-23T14:43:22+00:00\" \/>\n<meta property=\"og:image\" content=\"https:\/\/salonshabitat-deco.com\/wp-content\/uploads\/2025\/05\/SH25-TOURS-Photo-4-2.jpg\" \/>\n\t<meta property=\"og:image:width\" content=\"1024\" \/>\n\t<meta property=\"og:image:height\" content=\"684\" \/>\n\t<meta property=\"og:image:type\" content=\"image\/jpeg\" \/>\n<meta name=\"twitter:card\" content=\"summary_large_image\" \/>\n<meta name=\"twitter:label1\" content=\"Dur\u00e9e de lecture estim\u00e9e\" \/>\n\t<meta name=\"twitter:data1\" content=\"1 minute\" \/>\n<script type=\"application\/ld+json\" class=\"yoast-schema-graph\">{\"@context\":\"https:\/\/schema.org\",\"@graph\":[{\"@type\":\"WebPage\",\"@id\":\"https:\/\/salonshabitat-deco.com\/index.php\/exposer\/\",\"url\":\"https:\/\/salonshabitat-deco.com\/index.php\/exposer\/\",\"name\":\"Exposer - Salon de l&#039;Habitat de Tours\",\"isPartOf\":{\"@id\":\"https:\/\/salonshabitat-deco.com\/#website\"},\"primaryImageOfPage\":{\"@id\":\"https:\/\/salonshabitat-deco.com\/index.php\/exposer\/#primaryimage\"},\"image\":{\"@id\":\"https:\/\/salonshabitat-deco.com\/index.php\/exposer\/#primaryimage\"},\"thumbnailUrl\":\"https:\/\/salonshabitat-deco.com\/wp-content\/uploads\/2025\/05\/SH25-TOURS-Photo-4-2.jpg\",\"datePublished\":\"2025-05-28T09:05:57+00:00\",\"dateModified\":\"2026-03-23T14:43:22+00:00\",\"breadcrumb\":{\"@id\":\"https:\/\/salonshabitat-deco.com\/index.php\/exposer\/#breadcrumb\"},\"inLanguage\":\"fr-FR\",\"potentialAction\":[{\"@type\":\"ReadAction\",\"target\":[\"https:\/\/salonshabitat-deco.com\/index.php\/exposer\/\"]}]},{\"@type\":\"ImageObject\",\"inLanguage\":\"fr-FR\",\"@id\":\"https:\/\/salonshabitat-deco.com\/index.php\/exposer\/#primaryimage\",\"url\":\"https:\/\/salonshabitat-deco.com\/wp-content\/uploads\/2025\/05\/SH25-TOURS-Photo-4-2.jpg\",\"contentUrl\":\"https:\/\/salonshabitat-deco.com\/wp-content\/uploads\/2025\/05\/SH25-TOURS-Photo-4-2.jpg\",\"width\":1024,\"height\":684},{\"@type\":\"BreadcrumbList\",\"@id\":\"https:\/\/salonshabitat-deco.com\/index.php\/exposer\/#breadcrumb\",\"itemListElement\":[{\"@type\":\"ListItem\",\"position\":1,\"name\":\"Accueil\",\"item\":\"https:\/\/salonshabitat-deco.com\/\"},{\"@type\":\"ListItem\",\"position\":2,\"name\":\"Exposer\"}]},{\"@type\":\"WebSite\",\"@id\":\"https:\/\/salonshabitat-deco.com\/#website\",\"url\":\"https:\/\/salonshabitat-deco.com\/\",\"name\":\"Salon de l&#039;Habitat de Tours\",\"description\":\"\",\"publisher\":{\"@id\":\"https:\/\/salonshabitat-deco.com\/#organization\"},\"potentialAction\":[{\"@type\":\"SearchAction\",\"target\":{\"@type\":\"EntryPoint\",\"urlTemplate\":\"https:\/\/salonshabitat-deco.com\/?s={search_term_string}\"},\"query-input\":{\"@type\":\"PropertyValueSpecification\",\"valueRequired\":true,\"valueName\":\"search_term_string\"}}],\"inLanguage\":\"fr-FR\"},{\"@type\":\"Organization\",\"@id\":\"https:\/\/salonshabitat-deco.com\/#organization\",\"name\":\"Salon de l&#039;Habitat de Tours\",\"url\":\"https:\/\/salonshabitat-deco.com\/\",\"logo\":{\"@type\":\"ImageObject\",\"inLanguage\":\"fr-FR\",\"@id\":\"https:\/\/salonshabitat-deco.com\/#\/schema\/logo\/image\/\",\"url\":\"https:\/\/salonshabitat-deco.com\/wp-content\/uploads\/2025\/06\/SH25-TOURS-Bloc-marque-blanc.png\",\"contentUrl\":\"https:\/\/salonshabitat-deco.com\/wp-content\/uploads\/2025\/06\/SH25-TOURS-Bloc-marque-blanc.png\",\"width\":1091,\"height\":500,\"caption\":\"Salon de l&#039;Habitat de Tours\"},\"image\":{\"@id\":\"https:\/\/salonshabitat-deco.com\/#\/schema\/logo\/image\/\"}}]}<\/script>\n<!-- \/ Yoast SEO plugin. -->","yoast_head_json":{"title":"Exposer - Salon de l&#039;Habitat de Tours","robots":{"index":"index","follow":"follow","max-snippet":"max-snippet:-1","max-image-preview":"max-image-preview:large","max-video-preview":"max-video-preview:-1"},"canonical":"https:\/\/salonshabitat-deco.com\/index.php\/exposer\/","og_locale":"fr_FR","og_type":"article","og_title":"Exposer - Salon de l&#039;Habitat de Tours","og_description":"Pourquoi exposer&nbsp;? Pour exposer : Contactez-nous pour plus d&rsquo;informations&nbsp;: Conseill\u00e8re commercialeEmmanuelle GRINDAemmanuelle.grinda@puzzle-centre.fr\u202a02 47 31 70 58","og_url":"https:\/\/salonshabitat-deco.com\/index.php\/exposer\/","og_site_name":"Salon de l&#039;Habitat de Tours","article_modified_time":"2026-03-23T14:43:22+00:00","og_image":[{"width":1024,"height":684,"url":"https:\/\/salonshabitat-deco.com\/wp-content\/uploads\/2025\/05\/SH25-TOURS-Photo-4-2.jpg","type":"image\/jpeg"}],"twitter_card":"summary_large_image","twitter_misc":{"Dur\u00e9e de lecture estim\u00e9e":"1 minute"},"schema":{"@context":"https:\/\/schema.org","@graph":[{"@type":"WebPage","@id":"https:\/\/salonshabitat-deco.com\/index.php\/exposer\/","url":"https:\/\/salonshabitat-deco.com\/index.php\/exposer\/","name":"Exposer - Salon de l&#039;Habitat de Tours","isPartOf":{"@id":"https:\/\/salonshabitat-deco.com\/#website"},"primaryImageOfPage":{"@id":"https:\/\/salonshabitat-deco.com\/index.php\/exposer\/#primaryimage"},"image":{"@id":"https:\/\/salonshabitat-deco.com\/index.php\/exposer\/#primaryimage"},"thumbnailUrl":"https:\/\/salonshabitat-deco.com\/wp-content\/uploads\/2025\/05\/SH25-TOURS-Photo-4-2.jpg","datePublished":"2025-05-28T09:05:57+00:00","dateModified":"2026-03-23T14:43:22+00:00","breadcrumb":{"@id":"https:\/\/salonshabitat-deco.com\/index.php\/exposer\/#breadcrumb"},"inLanguage":"fr-FR","potentialAction":[{"@type":"ReadAction","target":["https:\/\/salonshabitat-deco.com\/index.php\/exposer\/"]}]},{"@type":"ImageObject","inLanguage":"fr-FR","@id":"https:\/\/salonshabitat-deco.com\/index.php\/exposer\/#primaryimage","url":"https:\/\/salonshabitat-deco.com\/wp-content\/uploads\/2025\/05\/SH25-TOURS-Photo-4-2.jpg","contentUrl":"https:\/\/salonshabitat-deco.com\/wp-content\/uploads\/2025\/05\/SH25-TOURS-Photo-4-2.jpg","width":1024,"height":684},{"@type":"BreadcrumbList","@id":"https:\/\/salonshabitat-deco.com\/index.php\/exposer\/#breadcrumb","itemListElement":[{"@type":"ListItem","position":1,"name":"Accueil","item":"https:\/\/salonshabitat-deco.com\/"},{"@type":"ListItem","position":2,"name":"Exposer"}]},{"@type":"WebSite","@id":"https:\/\/salonshabitat-deco.com\/#website","url":"https:\/\/salonshabitat-deco.com\/","name":"Salon de l&#039;Habitat de Tours","description":"","publisher":{"@id":"https:\/\/salonshabitat-deco.com\/#organization"},"potentialAction":[{"@type":"SearchAction","target":{"@type":"EntryPoint","urlTemplate":"https:\/\/salonshabitat-deco.com\/?s={search_term_string}"},"query-input":{"@type":"PropertyValueSpecification","valueRequired":true,"valueName":"search_term_string"}}],"inLanguage":"fr-FR"},{"@type":"Organization","@id":"https:\/\/salonshabitat-deco.com\/#organization","name":"Salon de l&#039;Habitat de Tours","url":"https:\/\/salonshabitat-deco.com\/","logo":{"@type":"ImageObject","inLanguage":"fr-FR","@id":"https:\/\/salonshabitat-deco.com\/#\/schema\/logo\/image\/","url":"https:\/\/salonshabitat-deco.com\/wp-content\/uploads\/2025\/06\/SH25-TOURS-Bloc-marque-blanc.png","contentUrl":"https:\/\/salonshabitat-deco.com\/wp-content\/uploads\/2025\/06\/SH25-TOURS-Bloc-marque-blanc.png","width":1091,"height":500,"caption":"Salon de l&#039;Habitat de Tours"},"image":{"@id":"https:\/\/salonshabitat-deco.com\/#\/schema\/logo\/image\/"}}]}},"_links":{"self":[{"href":"https:\/\/salonshabitat-deco.com\/index.php\/wp-json\/wp\/v2\/pages\/4867","targetHints":{"allow":["GET"]}}],"collection":[{"href":"https:\/\/salonshabitat-deco.com\/index.php\/wp-json\/wp\/v2\/pages"}],"about":[{"href":"https:\/\/salonshabitat-deco.com\/index.php\/wp-json\/wp\/v2\/types\/page"}],"author":[{"embeddable":true,"href":"https:\/\/salonshabitat-deco.com\/index.php\/wp-json\/wp\/v2\/users\/1"}],"replies":[{"embeddable":true,"href":"https:\/\/salonshabitat-deco.com\/index.php\/wp-json\/wp\/v2\/comments?post=4867"}],"version-history":[{"count":53,"href":"https:\/\/salonshabitat-deco.com\/index.php\/wp-json\/wp\/v2\/pages\/4867\/revisions"}],"predecessor-version":[{"id":5521,"href":"https:\/\/salonshabitat-deco.com\/index.php\/wp-json\/wp\/v2\/pages\/4867\/revisions\/5521"}],"wp:attachment":[{"href":"https:\/\/salonshabitat-deco.com\/index.php\/wp-json\/wp\/v2\/media?parent=4867"}],"curies":[{"name":"wp","href":"https:\/\/api.w.org\/{rel}","templated":true}]}}